{"id":1597,"date":"2019-09-20T09:56:34","date_gmt":"2019-09-20T07:56:34","guid":{"rendered":"https:\/\/www.skischulelenzerheide.ch\/?page_id=1597"},"modified":"2026-02-05T09:45:36","modified_gmt":"2026-02-05T08:45:36","slug":"staiboeck-pro-enduro","status":"publish","type":"page","link":"https:\/\/www.bikeschulelenzerheide.ch\/en\/kids-youth\/staiboeck-pro-enduro\/","title":{"rendered":"Staib\u00f6ck PRO Enduro"},"content":{"rendered":"<div class=\"wpb-content-wrapper\"><p>[vc_row full_width=&#8221;stretch_row_content_no_spaces&#8221;][vc_column][vc_single_image image=&#8221;5927&#8243; img_size=&#8221;full&#8221; alignment=&#8221;center&#8221; css=&#8221;&#8221;][\/vc_column][\/vc_row][vc_row full_width=&#8221;stretch_row&#8221; parallax=&#8221;content-moving&#8221; parallax_image=&#8221;2805&#8243; parallax_speed_bg=&#8221;1&#8243; el_class=&#8221;padding-bottom-medium&#8221;][vc_column width=&#8221;1\/2&#8243;][vc_column_text css=&#8221;&#8221;]<\/p>\n<h2>Staib\u00f6ck PRO <strong>Enduro<\/strong><\/h2>\n<p>For all young bikers who have already completed the &#8220;Staib\u00f6ck&#8221; level of the Kids Bike League, we offer two additional levels: Staib\u00f6ck PRO Enduro and Staib\u00f6ck PRO Bikepark. All advanced bikers from 10 years on who have no experience in the Kids Bike League are also welcome.<\/p>\n<p>In the Enduro course the focus is on riding technique of the different trails, some with mountain railway support . However, jumps like drops and pump track riding will also be improved. Cross country and enduro cracks are exactly right here. The flowline in the bikepark is also regularly integrated into lessons to practise cornering and jumping techniques.[\/vc_column_text][\/vc_column][vc_column width=&#8221;1\/2&#8243;][\/vc_column][\/vc_row][vc_row full_width=&#8221;stretch_row&#8221; el_class=&#8221;red margin-bottom-big&#8221;][vc_column width=&#8221;2\/3&#8243;][vc_column_text css=&#8221;&#8221;]<\/p>\n<h1>Staib\u00f6ck PRO Enduro<\/h1>\n<table>\n<tbody>\n<tr>\n<td>Age<\/td>\n<td>8 \u2013 14 years, if criteria below are fulfilled<\/td>\n<\/tr>\n<tr>\n<td>Takes place<\/td>\n<td>Monday &#8211; Friday during the summer and autumn vacations (see online shop for exact dates)<\/td>\n<\/tr>\n<tr>\n<td>Duration<\/td>\n<td>09:30 &#8211; 12:00<\/td>\n<\/tr>\n<tr>\n<td>Meetingpoint<\/td>\n<td>Rothorn valley station<\/td>\n<\/tr>\n<tr>\n<td>Participants<\/td>\n<td>at least 3 participants<\/td>\n<\/tr>\n<tr>\n<td>Equipment<\/td>\n<td>\n<ul>\n<li>suitable helmet<\/li>\n<li>bike (fullsuspension bike is advantageous)<\/li>\n<li>clothing appropriate to the weather<\/li>\n<li>mountain railway ticket (on occasion)<\/li>\n<\/ul>\n<p>On presentation of the course confirmation, you will receive the equipment (bike, helmet, protectors) at Pesko Rothornbahn with an attractive discount of 20% on the regular rental price, if you have booked <strong>for at least two days<\/strong>. Bookable directly via <a href=\"https:\/\/www.pesko.ch\/de\/shopuebersicht\/sport-verleih\/pesko-rothornbahn\">the sports shop<\/a> (081 385 10 60) or by e-mail: <a href=\"&#x6d;&#x61;&#105;&#108;&#116;o&#x3a;&#x72;&#x6f;&#116;&#104;or&#x6e;&#x40;&#x70;&#101;&#115;k&#x6f;&#x2e;&#x63;&#104;\">&#x72;&#x6f;&#x74;&#x68;&#x6f;&#x72;&#110;&#64;&#112;&#101;sko&#46;&#x63;&#x68;<\/a>.<\/td>\n<\/tr>\n<tr>\n<td>Criteria<\/td>\n<td>Participation from 8 years only with experience on alpine trails or previous participation in the Kids Bike League.<br \/>\nKids in the PRO level already have a good command of their bike and are now building on the skills they learned in the Kids Bike League. They learn to master steep wall curves, root and stone passages, drops and many other features for advanced kids.<\/td>\n<\/tr>\n<tr>\n<td>Costs<\/td>\n<td>CHF 71.00 per day<br \/>\nCHF 296.00 for the weekly ticket (monday \u2013 friday)<\/td>\n<\/tr>\n<\/tbody>\n<\/table>\n<p>[\/vc_column_text][vc_btn title=&#8221;Click here to book online&#8221; css=&#8221;&#8221; link=&#8221;url:https%3A%2F%2Fbikeschulelenzerheide.onlineshop.ws%2Fen%2Fshop%2Fdetail%2Farticle%2Fstaiboeck-pro-enduro%2F|target:_blank&#8221;][\/vc_column][vc_column width=&#8221;1\/3&#8243; el_class=&#8221;black sidebar&#8221;][vc_empty_space height=&#8221;60px&#8221;][vc_gallery type=&#8221;image_grid&#8221; images=&#8221;2995&#8243;][vc_video link=&#8221;https:\/\/youtu.be\/vBoWmZ0rq2I&#8221;][vc_column_text]<strong>MTB Recommendation<\/strong><\/p>\n<p>We recommend the <a href=\"https:\/\/intl.bikes.com\/de\/collections\/reaper\" target=\"_blank\" rel=\"noopener\">Rocky Mountain Reaper<\/a>:[\/vc_column_text][vc_single_image image=&#8221;4715&#8243; img_size=&#8221;medium&#8221; onclick=&#8221;custom_link&#8221; img_link_target=&#8221;_blank&#8221; link=&#8221;https:\/\/intl.bikes.com\/collections\/reaper&#8221;][vc_column_text]For rent at <a href=\"https:\/\/www.pesko.ch\/en\/rent\" target=\"_blank\" rel=\"noopener\">Pesko Rothornbahn<\/a>. 20% discount when attending our PRO courses![\/vc_column_text][\/vc_column][\/vc_row]<\/p>\n<\/div>","protected":false},"excerpt":{"rendered":"<p>[vc_row full_width=&#8221;stretch_row_content_no_spaces&#8221;][vc_column][vc_single_image image=&#8221;5927&#8243; img_size=&#8221;full&#8221; alignment=&#8221;center&#8221; css=&#8221;&#8221;][\/vc_column][\/vc_row][vc_row full_width=&#8221;stretch_row&#8221; parallax=&#8221;content-moving&#8221; parallax_image=&#8221;2805&#8243; parallax_speed_bg=&#8221;1&#8243; el_class=&#8221;padding-bottom-medium&#8221;][vc_column width=&#8221;1\/2&#8243;][vc_column_text css=&#8221;&#8221;] Staib\u00f6ck PRO Enduro For all young bikers who have already completed the &#8220;Staib\u00f6ck&#8221; level of the Kids Bike League, we offer two additional levels: Staib\u00f6ck PRO Enduro and Staib\u00f6ck PRO Bikepark. All advanced bikers from 10 years on who have no experience [&hellip;]<\/p>\n","protected":false},"author":1,"featured_media":0,"parent":1599,"menu_order":32,"comment_status":"closed","ping_status":"closed","template":"","meta":{"inline_featured_image":false,"footnotes":""},"class_list":["post-1597","page","type-page","status-publish","hentry"],"yoast_head":"<!-- This site is optimized with the Yoast SEO plugin v27.5 - https:\/\/yoast.com\/product\/yoast-seo-wordpress\/ -->\n<title>Staib\u00f6ck PRO Enduro - Bikeschule Lenzerheide<\/title>\n<meta name=\"robots\" content=\"index, follow, max-snippet:-1, max-image-preview:large, max-video-preview:-1\" \/>\n<link rel=\"canonical\" href=\"https:\/\/www.bikeschulelenzerheide.ch\/en\/kids-youth\/staiboeck-pro-enduro\/\" \/>\n<meta property=\"og:locale\" content=\"en_US\" \/>\n<meta property=\"og:type\" content=\"article\" \/>\n<meta property=\"og:title\" content=\"Staib\u00f6ck PRO Enduro - Bikeschule Lenzerheide\" \/>\n<meta property=\"og:description\" content=\"[vc_row full_width=&#8221;stretch_row_content_no_spaces&#8221;][vc_column][vc_single_image image=&#8221;5927&#8243; img_size=&#8221;full&#8221; alignment=&#8221;center&#8221; css=&#8221;&#8221;][\/vc_column][\/vc_row][vc_row full_width=&#8221;stretch_row&#8221; parallax=&#8221;content-moving&#8221; parallax_image=&#8221;2805&#8243; parallax_speed_bg=&#8221;1&#8243; el_class=&#8221;padding-bottom-medium&#8221;][vc_column width=&#8221;1\/2&#8243;][vc_column_text css=&#8221;&#8221;] Staib\u00f6ck PRO Enduro For all young bikers who have already completed the &#8220;Staib\u00f6ck&#8221; level of the Kids Bike League, we offer two additional levels: Staib\u00f6ck PRO Enduro and Staib\u00f6ck PRO Bikepark. All advanced bikers from 10 years on who have no experience [&hellip;]\" \/>\n<meta property=\"og:url\" content=\"https:\/\/www.bikeschulelenzerheide.ch\/en\/kids-youth\/staiboeck-pro-enduro\/\" \/>\n<meta property=\"og:site_name\" content=\"Bikeschule Lenzerheide\" \/>\n<meta property=\"article:modified_time\" content=\"2026-02-05T08:45:36+00:00\" \/>\n<meta name=\"twitter:card\" content=\"summary_large_image\" \/>\n<meta name=\"twitter:label1\" content=\"Est. reading time\" \/>\n\t<meta name=\"twitter:data1\" content=\"2 minutes\" \/>\n<script type=\"application\/ld+json\" class=\"yoast-schema-graph\">{\"@context\":\"https:\\\/\\\/schema.org\",\"@graph\":[{\"@type\":\"WebPage\",\"@id\":\"https:\\\/\\\/www.bikeschulelenzerheide.ch\\\/en\\\/kids-youth\\\/staiboeck-pro-enduro\\\/\",\"url\":\"https:\\\/\\\/www.bikeschulelenzerheide.ch\\\/en\\\/kids-youth\\\/staiboeck-pro-enduro\\\/\",\"name\":\"Staib\u00f6ck PRO Enduro - Bikeschule Lenzerheide\",\"isPartOf\":{\"@id\":\"https:\\\/\\\/www.bikeschulelenzerheide.ch\\\/#website\"},\"datePublished\":\"2019-09-20T07:56:34+00:00\",\"dateModified\":\"2026-02-05T08:45:36+00:00\",\"breadcrumb\":{\"@id\":\"https:\\\/\\\/www.bikeschulelenzerheide.ch\\\/en\\\/kids-youth\\\/staiboeck-pro-enduro\\\/#breadcrumb\"},\"inLanguage\":\"en-US\",\"potentialAction\":[{\"@type\":\"ReadAction\",\"target\":[\"https:\\\/\\\/www.bikeschulelenzerheide.ch\\\/en\\\/kids-youth\\\/staiboeck-pro-enduro\\\/\"]}]},{\"@type\":\"BreadcrumbList\",\"@id\":\"https:\\\/\\\/www.bikeschulelenzerheide.ch\\\/en\\\/kids-youth\\\/staiboeck-pro-enduro\\\/#breadcrumb\",\"itemListElement\":[{\"@type\":\"ListItem\",\"position\":1,\"name\":\"Startseite\",\"item\":\"https:\\\/\\\/www.bikeschulelenzerheide.ch\\\/en\\\/\"},{\"@type\":\"ListItem\",\"position\":2,\"name\":\"Kids &#038; Youth\",\"item\":\"https:\\\/\\\/www.bikeschulelenzerheide.ch\\\/en\\\/kids-youth\\\/\"},{\"@type\":\"ListItem\",\"position\":3,\"name\":\"Staib\u00f6ck PRO Enduro\"}]},{\"@type\":\"WebSite\",\"@id\":\"https:\\\/\\\/www.bikeschulelenzerheide.ch\\\/#website\",\"url\":\"https:\\\/\\\/www.bikeschulelenzerheide.ch\\\/\",\"name\":\"Bikeschule Lenzerheide\",\"description\":\"\",\"potentialAction\":[{\"@type\":\"SearchAction\",\"target\":{\"@type\":\"EntryPoint\",\"urlTemplate\":\"https:\\\/\\\/www.bikeschulelenzerheide.ch\\\/?s={search_term_string}\"},\"query-input\":{\"@type\":\"PropertyValueSpecification\",\"valueRequired\":true,\"valueName\":\"search_term_string\"}}],\"inLanguage\":\"en-US\"}]}<\/script>\n<!-- \/ Yoast SEO plugin. -->","yoast_head_json":{"title":"Staib\u00f6ck PRO Enduro - Bikeschule Lenzerheide","robots":{"index":"index","follow":"follow","max-snippet":"max-snippet:-1","max-image-preview":"max-image-preview:large","max-video-preview":"max-video-preview:-1"},"canonical":"https:\/\/www.bikeschulelenzerheide.ch\/en\/kids-youth\/staiboeck-pro-enduro\/","og_locale":"en_US","og_type":"article","og_title":"Staib\u00f6ck PRO Enduro - Bikeschule Lenzerheide","og_description":"[vc_row full_width=&#8221;stretch_row_content_no_spaces&#8221;][vc_column][vc_single_image image=&#8221;5927&#8243; img_size=&#8221;full&#8221; alignment=&#8221;center&#8221; css=&#8221;&#8221;][\/vc_column][\/vc_row][vc_row full_width=&#8221;stretch_row&#8221; parallax=&#8221;content-moving&#8221; parallax_image=&#8221;2805&#8243; parallax_speed_bg=&#8221;1&#8243; el_class=&#8221;padding-bottom-medium&#8221;][vc_column width=&#8221;1\/2&#8243;][vc_column_text css=&#8221;&#8221;] Staib\u00f6ck PRO Enduro For all young bikers who have already completed the &#8220;Staib\u00f6ck&#8221; level of the Kids Bike League, we offer two additional levels: Staib\u00f6ck PRO Enduro and Staib\u00f6ck PRO Bikepark. All advanced bikers from 10 years on who have no experience [&hellip;]","og_url":"https:\/\/www.bikeschulelenzerheide.ch\/en\/kids-youth\/staiboeck-pro-enduro\/","og_site_name":"Bikeschule Lenzerheide","article_modified_time":"2026-02-05T08:45:36+00:00","twitter_card":"summary_large_image","twitter_misc":{"Est. reading time":"2 minutes"},"schema":{"@context":"https:\/\/schema.org","@graph":[{"@type":"WebPage","@id":"https:\/\/www.bikeschulelenzerheide.ch\/en\/kids-youth\/staiboeck-pro-enduro\/","url":"https:\/\/www.bikeschulelenzerheide.ch\/en\/kids-youth\/staiboeck-pro-enduro\/","name":"Staib\u00f6ck PRO Enduro - Bikeschule Lenzerheide","isPartOf":{"@id":"https:\/\/www.bikeschulelenzerheide.ch\/#website"},"datePublished":"2019-09-20T07:56:34+00:00","dateModified":"2026-02-05T08:45:36+00:00","breadcrumb":{"@id":"https:\/\/www.bikeschulelenzerheide.ch\/en\/kids-youth\/staiboeck-pro-enduro\/#breadcrumb"},"inLanguage":"en-US","potentialAction":[{"@type":"ReadAction","target":["https:\/\/www.bikeschulelenzerheide.ch\/en\/kids-youth\/staiboeck-pro-enduro\/"]}]},{"@type":"BreadcrumbList","@id":"https:\/\/www.bikeschulelenzerheide.ch\/en\/kids-youth\/staiboeck-pro-enduro\/#breadcrumb","itemListElement":[{"@type":"ListItem","position":1,"name":"Startseite","item":"https:\/\/www.bikeschulelenzerheide.ch\/en\/"},{"@type":"ListItem","position":2,"name":"Kids &#038; Youth","item":"https:\/\/www.bikeschulelenzerheide.ch\/en\/kids-youth\/"},{"@type":"ListItem","position":3,"name":"Staib\u00f6ck PRO Enduro"}]},{"@type":"WebSite","@id":"https:\/\/www.bikeschulelenzerheide.ch\/#website","url":"https:\/\/www.bikeschulelenzerheide.ch\/","name":"Bikeschule Lenzerheide","description":"","potentialAction":[{"@type":"SearchAction","target":{"@type":"EntryPoint","urlTemplate":"https:\/\/www.bikeschulelenzerheide.ch\/?s={search_term_string}"},"query-input":{"@type":"PropertyValueSpecification","valueRequired":true,"valueName":"search_term_string"}}],"inLanguage":"en-US"}]}},"_links":{"self":[{"href":"https:\/\/www.bikeschulelenzerheide.ch\/en\/wp-json\/wp\/v2\/pages\/1597","targetHints":{"allow":["GET"]}}],"collection":[{"href":"https:\/\/www.bikeschulelenzerheide.ch\/en\/wp-json\/wp\/v2\/pages"}],"about":[{"href":"https:\/\/www.bikeschulelenzerheide.ch\/en\/wp-json\/wp\/v2\/types\/page"}],"author":[{"embeddable":true,"href":"https:\/\/www.bikeschulelenzerheide.ch\/en\/wp-json\/wp\/v2\/users\/1"}],"replies":[{"embeddable":true,"href":"https:\/\/www.bikeschulelenzerheide.ch\/en\/wp-json\/wp\/v2\/comments?post=1597"}],"version-history":[{"count":32,"href":"https:\/\/www.bikeschulelenzerheide.ch\/en\/wp-json\/wp\/v2\/pages\/1597\/revisions"}],"predecessor-version":[{"id":6691,"href":"https:\/\/www.bikeschulelenzerheide.ch\/en\/wp-json\/wp\/v2\/pages\/1597\/revisions\/6691"}],"up":[{"embeddable":true,"href":"https:\/\/www.bikeschulelenzerheide.ch\/en\/wp-json\/wp\/v2\/pages\/1599"}],"wp:attachment":[{"href":"https:\/\/www.bikeschulelenzerheide.ch\/en\/wp-json\/wp\/v2\/media?parent=1597"}],"curies":[{"name":"wp","href":"https:\/\/api.w.org\/{rel}","templated":true}]}}