{"id":3110,"date":"2020-04-02T09:11:02","date_gmt":"2020-04-02T07:11:02","guid":{"rendered":"https:\/\/www.bikeschulelenzerheide.ch\/?page_id=3110"},"modified":"2026-02-05T10:06:28","modified_gmt":"2026-02-05T09:06:28","slug":"staiboeck-pro-bikepark","status":"publish","type":"page","link":"https:\/\/www.bikeschulelenzerheide.ch\/en\/kids-youth\/staiboeck-pro-bikepark\/","title":{"rendered":"Staib\u00f6ck PRO Bikepark"},"content":{"rendered":"<div class=\"wpb-content-wrapper\"><p>[vc_row full_width=&#8221;stretch_row_content_no_spaces&#8221;][vc_column][vc_single_image image=&#8221;5925&#8243; img_size=&#8221;full&#8221; alignment=&#8221;center&#8221; css=&#8221;&#8221;][\/vc_column][\/vc_row][vc_row full_width=&#8221;stretch_row&#8221; parallax=&#8221;content-moving&#8221; parallax_image=&#8221;2805&#8243; parallax_speed_bg=&#8221;1&#8243; el_class=&#8221;padding-bottom-medium&#8221;][vc_column width=&#8221;1\/2&#8243;][vc_column_text]<\/p>\n<h2>Staib\u00f6ck PRO <strong>Bikepark<\/strong><\/h2>\n<p>For all young bikers who have already completed the &#8220;Staib\u00f6ck&#8221; level of the Kids Bike League, we offer two additional levels: Staib\u00f6ck PRO Tr\u00e4il and Staib\u00f6ck PRO Bikepark. All advanced bikers from 8 years on who have no experience in the Kids Bike League are also welcome.<\/p>\n<p>In the &#8220;Bikepark&#8221; course we are mainly in the bikepark and therefore downhill oriented. The youngsters learn how to handle speed and the necessary features to experience the fun in our bikepark with the optimal pinch of safety.[\/vc_column_text][vc_empty_space][\/vc_column][vc_column width=&#8221;1\/2&#8243;][\/vc_column][\/vc_row][vc_row full_width=&#8221;stretch_row&#8221; el_class=&#8221;red margin-bottom-big&#8221;][vc_column width=&#8221;2\/3&#8243;][vc_column_text css=&#8221;&#8221;]<\/p>\n<h1>Staib\u00f6ck PRO Bikepark<\/h1>\n<table>\n<tbody>\n<tr>\n<td>Age<\/td>\n<td>8 \u2013 14 years if criteria below are fulfilled<\/td>\n<\/tr>\n<tr>\n<td>Takes place<\/td>\n<td>Monday &#8211; Friday during the summer and autumn vacations (see online shop for exact dates)<\/td>\n<\/tr>\n<tr>\n<td>Time<\/td>\n<td>09:30 &#8211; 12:00<\/td>\n<\/tr>\n<tr>\n<td>Meetingpoint<\/td>\n<td>Rothorn valley station<\/td>\n<\/tr>\n<tr>\n<td>Participants<\/td>\n<td>at least 3 participants<\/td>\n<\/tr>\n<tr>\n<td>Equipment<\/td>\n<td>\n<ul>\n<li>full-face helmet<\/li>\n<li>bike (fullsuspension bike)<\/li>\n<li>clothing appropriate to the weather<\/li>\n<li>knee and elbow protectors (back protector recommended)<\/li>\n<li>mountain railway ticket<\/li>\n<\/ul>\n<p>On presentation of the course confirmation, you will receive the equipment (bike, helmet, protectors) at Pesko Rothornbahn with an attractive discount of 20% on the regular rental price, if you have booked <strong>for at least two days<\/strong>. Bookable directly via <a href=\"https:\/\/www.pesko.ch\/de\/shopuebersicht\/sport-verleih\/pesko-rothornbahn\">the sports shop<\/a> (081 385 10 60) or by e-mail: <a href=\"&#x6d;&#97;&#x69;&#x6c;&#116;&#x6f;&#x3a;&#114;&#x6f;&#x74;&#104;&#x6f;&#x72;n&#x40;&#x70;e&#x73;&#107;o&#x2e;&#99;h\">&#x72;&#111;&#116;h&#x6f;&#x72;&#110;&#64;&#x70;&#x65;&#115;k&#x6f;&#x2e;&#99;h<\/a>.<\/td>\n<\/tr>\n<tr>\n<td>Criteria<\/td>\n<td>Participation from 8 years only with experience in the bike park or previous participation in the Kids Bike League. Regular participation from 10 years.<br \/>\nKids in the PRO level already have a good command of their bikes and are now building on the skills they learned in the Kids Bike League. They learn to master steep wall turns, jumps, drops and many other features for advanced kids, with a focus on the bikepark.<\/td>\n<\/tr>\n<tr>\n<td>Costs<\/td>\n<td>CHF 71.00 per day<br \/>\nCHF 296.00 for the weekly ticket (monday \u2013 friday)<\/td>\n<\/tr>\n<\/tbody>\n<\/table>\n<p>[\/vc_column_text][vc_btn title=&#8221;Click here to book online&#8221; link=&#8221;url:https%3A%2F%2Fbikeschulelenzerheide.onlineshop.ws%2Fshop%2Fdetail%2F%3Ftx_wsshop_detail%255Barticle%255D%3D5%26tx_wsshop_detail%255Baction%255D%3Dshow%26tx_wsshop_detail%255Bcontroller%255D%3DArticle%26cHash%3Defd63da48909b52944daeefe92145141||target:%20_blank|&#8221;][\/vc_column][vc_column width=&#8221;1\/3&#8243; el_class=&#8221;sidebar black&#8221;][vc_empty_space height=&#8221;60px&#8221;][vc_gallery type=&#8221;image_grid&#8221; images=&#8221;2993&#8243;][vc_video link=&#8221;https:\/\/youtu.be\/lq8v0hs6H8Q&#8221;][vc_column_text]<strong>MTB Recommendation<\/strong><\/p>\n<p>We recommend the <a href=\"https:\/\/intl.bikes.com\/de\/collections\/reaper\" target=\"_blank\" rel=\"noopener\">Rocky Mountain Reaper<\/a>:[\/vc_column_text][vc_single_image image=&#8221;4715&#8243; img_size=&#8221;medium&#8221; onclick=&#8221;custom_link&#8221; img_link_target=&#8221;_blank&#8221; link=&#8221;https:\/\/intl.bikes.com\/collections\/reaper&#8221;][vc_column_text]For rent at <a href=\"https:\/\/www.pesko.ch\/en\/rent\" target=\"_blank\" rel=\"noopener\">Pesko Rothornbahn<\/a>. 20% discount when attending our PRO courses![\/vc_column_text][\/vc_column][\/vc_row]<\/p>\n<\/div>","protected":false},"excerpt":{"rendered":"<p>[vc_row full_width=&#8221;stretch_row_content_no_spaces&#8221;][vc_column][vc_single_image image=&#8221;5925&#8243; img_size=&#8221;full&#8221; alignment=&#8221;center&#8221; css=&#8221;&#8221;][\/vc_column][\/vc_row][vc_row full_width=&#8221;stretch_row&#8221; parallax=&#8221;content-moving&#8221; parallax_image=&#8221;2805&#8243; parallax_speed_bg=&#8221;1&#8243; el_class=&#8221;padding-bottom-medium&#8221;][vc_column width=&#8221;1\/2&#8243;][vc_column_text] Staib\u00f6ck PRO Bikepark For all young bikers who have already completed the &#8220;Staib\u00f6ck&#8221; level of the Kids Bike League, we offer two additional levels: Staib\u00f6ck PRO Tr\u00e4il and Staib\u00f6ck PRO Bikepark. All advanced bikers from 8 years on who have no experience in [&hellip;]<\/p>\n","protected":false},"author":1,"featured_media":0,"parent":1599,"menu_order":34,"comment_status":"closed","ping_status":"closed","template":"","meta":{"inline_featured_image":false,"footnotes":""},"class_list":["post-3110","page","type-page","status-publish","hentry"],"yoast_head":"<!-- This site is optimized with the Yoast SEO plugin v27.4 - https:\/\/yoast.com\/product\/yoast-seo-wordpress\/ -->\n<title>Staib\u00f6ck PRO Bikepark - Bikeschule Lenzerheide<\/title>\n<meta name=\"robots\" content=\"index, follow, max-snippet:-1, max-image-preview:large, max-video-preview:-1\" \/>\n<link rel=\"canonical\" href=\"https:\/\/www.bikeschulelenzerheide.ch\/en\/kids-youth\/staiboeck-pro-bikepark\/\" \/>\n<meta property=\"og:locale\" content=\"en_US\" \/>\n<meta property=\"og:type\" content=\"article\" \/>\n<meta property=\"og:title\" content=\"Staib\u00f6ck PRO Bikepark - Bikeschule Lenzerheide\" \/>\n<meta property=\"og:description\" content=\"[vc_row full_width=&#8221;stretch_row_content_no_spaces&#8221;][vc_column][vc_single_image image=&#8221;5925&#8243; img_size=&#8221;full&#8221; alignment=&#8221;center&#8221; css=&#8221;&#8221;][\/vc_column][\/vc_row][vc_row full_width=&#8221;stretch_row&#8221; parallax=&#8221;content-moving&#8221; parallax_image=&#8221;2805&#8243; parallax_speed_bg=&#8221;1&#8243; el_class=&#8221;padding-bottom-medium&#8221;][vc_column width=&#8221;1\/2&#8243;][vc_column_text] Staib\u00f6ck PRO Bikepark For all young bikers who have already completed the &#8220;Staib\u00f6ck&#8221; level of the Kids Bike League, we offer two additional levels: Staib\u00f6ck PRO Tr\u00e4il and Staib\u00f6ck PRO Bikepark. All advanced bikers from 8 years on who have no experience in [&hellip;]\" \/>\n<meta property=\"og:url\" content=\"https:\/\/www.bikeschulelenzerheide.ch\/en\/kids-youth\/staiboeck-pro-bikepark\/\" \/>\n<meta property=\"og:site_name\" content=\"Bikeschule Lenzerheide\" \/>\n<meta property=\"article:modified_time\" content=\"2026-02-05T09:06:28+00:00\" \/>\n<meta name=\"twitter:card\" content=\"summary_large_image\" \/>\n<meta name=\"twitter:label1\" content=\"Est. reading time\" \/>\n\t<meta name=\"twitter:data1\" content=\"2 minutes\" \/>\n<script type=\"application\/ld+json\" class=\"yoast-schema-graph\">{\"@context\":\"https:\\\/\\\/schema.org\",\"@graph\":[{\"@type\":\"WebPage\",\"@id\":\"https:\\\/\\\/www.bikeschulelenzerheide.ch\\\/en\\\/kids-youth\\\/staiboeck-pro-bikepark\\\/\",\"url\":\"https:\\\/\\\/www.bikeschulelenzerheide.ch\\\/en\\\/kids-youth\\\/staiboeck-pro-bikepark\\\/\",\"name\":\"Staib\u00f6ck PRO Bikepark - Bikeschule Lenzerheide\",\"isPartOf\":{\"@id\":\"https:\\\/\\\/www.bikeschulelenzerheide.ch\\\/#website\"},\"datePublished\":\"2020-04-02T07:11:02+00:00\",\"dateModified\":\"2026-02-05T09:06:28+00:00\",\"breadcrumb\":{\"@id\":\"https:\\\/\\\/www.bikeschulelenzerheide.ch\\\/en\\\/kids-youth\\\/staiboeck-pro-bikepark\\\/#breadcrumb\"},\"inLanguage\":\"en-US\",\"potentialAction\":[{\"@type\":\"ReadAction\",\"target\":[\"https:\\\/\\\/www.bikeschulelenzerheide.ch\\\/en\\\/kids-youth\\\/staiboeck-pro-bikepark\\\/\"]}]},{\"@type\":\"BreadcrumbList\",\"@id\":\"https:\\\/\\\/www.bikeschulelenzerheide.ch\\\/en\\\/kids-youth\\\/staiboeck-pro-bikepark\\\/#breadcrumb\",\"itemListElement\":[{\"@type\":\"ListItem\",\"position\":1,\"name\":\"Startseite\",\"item\":\"https:\\\/\\\/www.bikeschulelenzerheide.ch\\\/en\\\/\"},{\"@type\":\"ListItem\",\"position\":2,\"name\":\"Kids &#038; Youth\",\"item\":\"https:\\\/\\\/www.bikeschulelenzerheide.ch\\\/en\\\/kids-youth\\\/\"},{\"@type\":\"ListItem\",\"position\":3,\"name\":\"Staib\u00f6ck PRO Bikepark\"}]},{\"@type\":\"WebSite\",\"@id\":\"https:\\\/\\\/www.bikeschulelenzerheide.ch\\\/#website\",\"url\":\"https:\\\/\\\/www.bikeschulelenzerheide.ch\\\/\",\"name\":\"Bikeschule Lenzerheide\",\"description\":\"\",\"potentialAction\":[{\"@type\":\"SearchAction\",\"target\":{\"@type\":\"EntryPoint\",\"urlTemplate\":\"https:\\\/\\\/www.bikeschulelenzerheide.ch\\\/?s={search_term_string}\"},\"query-input\":{\"@type\":\"PropertyValueSpecification\",\"valueRequired\":true,\"valueName\":\"search_term_string\"}}],\"inLanguage\":\"en-US\"}]}<\/script>\n<!-- \/ Yoast SEO plugin. -->","yoast_head_json":{"title":"Staib\u00f6ck PRO Bikepark - Bikeschule Lenzerheide","robots":{"index":"index","follow":"follow","max-snippet":"max-snippet:-1","max-image-preview":"max-image-preview:large","max-video-preview":"max-video-preview:-1"},"canonical":"https:\/\/www.bikeschulelenzerheide.ch\/en\/kids-youth\/staiboeck-pro-bikepark\/","og_locale":"en_US","og_type":"article","og_title":"Staib\u00f6ck PRO Bikepark - Bikeschule Lenzerheide","og_description":"[vc_row full_width=&#8221;stretch_row_content_no_spaces&#8221;][vc_column][vc_single_image image=&#8221;5925&#8243; img_size=&#8221;full&#8221; alignment=&#8221;center&#8221; css=&#8221;&#8221;][\/vc_column][\/vc_row][vc_row full_width=&#8221;stretch_row&#8221; parallax=&#8221;content-moving&#8221; parallax_image=&#8221;2805&#8243; parallax_speed_bg=&#8221;1&#8243; el_class=&#8221;padding-bottom-medium&#8221;][vc_column width=&#8221;1\/2&#8243;][vc_column_text] Staib\u00f6ck PRO Bikepark For all young bikers who have already completed the &#8220;Staib\u00f6ck&#8221; level of the Kids Bike League, we offer two additional levels: Staib\u00f6ck PRO Tr\u00e4il and Staib\u00f6ck PRO Bikepark. All advanced bikers from 8 years on who have no experience in [&hellip;]","og_url":"https:\/\/www.bikeschulelenzerheide.ch\/en\/kids-youth\/staiboeck-pro-bikepark\/","og_site_name":"Bikeschule Lenzerheide","article_modified_time":"2026-02-05T09:06:28+00:00","twitter_card":"summary_large_image","twitter_misc":{"Est. reading time":"2 minutes"},"schema":{"@context":"https:\/\/schema.org","@graph":[{"@type":"WebPage","@id":"https:\/\/www.bikeschulelenzerheide.ch\/en\/kids-youth\/staiboeck-pro-bikepark\/","url":"https:\/\/www.bikeschulelenzerheide.ch\/en\/kids-youth\/staiboeck-pro-bikepark\/","name":"Staib\u00f6ck PRO Bikepark - Bikeschule Lenzerheide","isPartOf":{"@id":"https:\/\/www.bikeschulelenzerheide.ch\/#website"},"datePublished":"2020-04-02T07:11:02+00:00","dateModified":"2026-02-05T09:06:28+00:00","breadcrumb":{"@id":"https:\/\/www.bikeschulelenzerheide.ch\/en\/kids-youth\/staiboeck-pro-bikepark\/#breadcrumb"},"inLanguage":"en-US","potentialAction":[{"@type":"ReadAction","target":["https:\/\/www.bikeschulelenzerheide.ch\/en\/kids-youth\/staiboeck-pro-bikepark\/"]}]},{"@type":"BreadcrumbList","@id":"https:\/\/www.bikeschulelenzerheide.ch\/en\/kids-youth\/staiboeck-pro-bikepark\/#breadcrumb","itemListElement":[{"@type":"ListItem","position":1,"name":"Startseite","item":"https:\/\/www.bikeschulelenzerheide.ch\/en\/"},{"@type":"ListItem","position":2,"name":"Kids &#038; Youth","item":"https:\/\/www.bikeschulelenzerheide.ch\/en\/kids-youth\/"},{"@type":"ListItem","position":3,"name":"Staib\u00f6ck PRO Bikepark"}]},{"@type":"WebSite","@id":"https:\/\/www.bikeschulelenzerheide.ch\/#website","url":"https:\/\/www.bikeschulelenzerheide.ch\/","name":"Bikeschule Lenzerheide","description":"","potentialAction":[{"@type":"SearchAction","target":{"@type":"EntryPoint","urlTemplate":"https:\/\/www.bikeschulelenzerheide.ch\/?s={search_term_string}"},"query-input":{"@type":"PropertyValueSpecification","valueRequired":true,"valueName":"search_term_string"}}],"inLanguage":"en-US"}]}},"_links":{"self":[{"href":"https:\/\/www.bikeschulelenzerheide.ch\/en\/wp-json\/wp\/v2\/pages\/3110","targetHints":{"allow":["GET"]}}],"collection":[{"href":"https:\/\/www.bikeschulelenzerheide.ch\/en\/wp-json\/wp\/v2\/pages"}],"about":[{"href":"https:\/\/www.bikeschulelenzerheide.ch\/en\/wp-json\/wp\/v2\/types\/page"}],"author":[{"embeddable":true,"href":"https:\/\/www.bikeschulelenzerheide.ch\/en\/wp-json\/wp\/v2\/users\/1"}],"replies":[{"embeddable":true,"href":"https:\/\/www.bikeschulelenzerheide.ch\/en\/wp-json\/wp\/v2\/comments?post=3110"}],"version-history":[{"count":29,"href":"https:\/\/www.bikeschulelenzerheide.ch\/en\/wp-json\/wp\/v2\/pages\/3110\/revisions"}],"predecessor-version":[{"id":6693,"href":"https:\/\/www.bikeschulelenzerheide.ch\/en\/wp-json\/wp\/v2\/pages\/3110\/revisions\/6693"}],"up":[{"embeddable":true,"href":"https:\/\/www.bikeschulelenzerheide.ch\/en\/wp-json\/wp\/v2\/pages\/1599"}],"wp:attachment":[{"href":"https:\/\/www.bikeschulelenzerheide.ch\/en\/wp-json\/wp\/v2\/media?parent=3110"}],"curies":[{"name":"wp","href":"https:\/\/api.w.org\/{rel}","templated":true}]}}