{"id":5558,"date":"2023-11-16T11:22:58","date_gmt":"2023-11-16T10:22:58","guid":{"rendered":"https:\/\/www.bikeschulelenzerheide.ch\/?page_id=5558"},"modified":"2024-01-08T13:26:12","modified_gmt":"2024-01-08T12:26:12","slug":"tryout","status":"publish","type":"page","link":"https:\/\/www.bikeschulelenzerheide.ch\/en\/kids-youth\/tryout\/","title":{"rendered":"Staib\u00f6ck PRO Tryout"},"content":{"rendered":"<div class=\"wpb-content-wrapper\"><p>[vc_row full_width=&#8221;stretch_row_content_no_spaces&#8221;][vc_column][vc_single_image image=&#8221;5390&#8243; img_size=&#8221;full&#8221; alignment=&#8221;center&#8221;][\/vc_column][\/vc_row][vc_row full_width=&#8221;stretch_row&#8221; parallax=&#8221;content-moving&#8221; parallax_image=&#8221;2805&#8243; parallax_speed_bg=&#8221;1&#8243; el_class=&#8221;padding-bottom-medium&#8221;][vc_column width=&#8221;1\/2&#8243;][vc_column_text]<\/p>\n<h2>Staib\u00f6ck PRO <strong>Tryout<\/strong><\/h2>\n<p>If you have passed the Staib\u00f6ck and learned a lot, you can attend the Staib\u00f6ck PRO Tryout. This will show you what to expect in the two PRO levels <em>Trail<\/em> and Bikepark. If you enjoyed this you are ready to join the Staib\u00f6ck PRO on your next visit!<\/p>\n<p>At Staib\u00f6ck PRO we also use the mountain railways and are therefore more downhill oriented, in order to focus even more on the necessary riding skills.[\/vc_column_text][vc_empty_space][\/vc_column][vc_column width=&#8221;1\/2&#8243;][\/vc_column][\/vc_row][vc_row full_width=&#8221;stretch_row&#8221; el_class=&#8221;red margin-bottom-big&#8221;][vc_column width=&#8221;2\/3&#8243;][vc_column_text]<\/p>\n<h1>Staib\u00f6ck PRO Tryout<\/h1>\n<table>\n<tbody>\n<tr>\n<td>Age<\/td>\n<td>8 \u2013 14 years, if criteria below are fulfilled<\/td>\n<\/tr>\n<tr>\n<td>Takes place<\/td>\n<td>Monday &#8211; Friday during the summer and autumn vacations (see online shop for exact dates)<\/td>\n<\/tr>\n<tr>\n<td>Time<\/td>\n<td>13:30 &#8211; 15:00<\/td>\n<\/tr>\n<tr>\n<td>Meetingpoint<\/td>\n<td>Rothorn valley station<\/td>\n<\/tr>\n<tr>\n<td>Participants<\/td>\n<td>at least 3 participants<\/td>\n<\/tr>\n<tr>\n<td>Equipment<\/td>\n<td>\n<ul>\n<li>full-face helmet not mandatory, but recommended<\/li>\n<li>knee and elbow and back protectors not mandatory, but recommended<\/li>\n<li>bike (fullsuspension bike)<\/li>\n<li>clothing appropriate to the weather<\/li>\n<li>mountain railway ticket (depending on the programme, will be announced at the meeting point)<\/li>\n<\/ul>\n<p>On presentation of the course confirmation, you will receive the equipment (bike, helmet, protectors) at Pesko Rothornbahn with an attractive discount of 20% on the regular rental price. Bookable directly via the sports shop (081 385 10 60) or by e-mail: &#x72;o&#x74;&#104;o&#x72;&#110;&#x40;&#x70;e&#x73;&#107;o&#x2e;&#99;&#x68;.<\/td>\n<\/tr>\n<tr>\n<td>Criteria<\/td>\n<td>Participation from the age of 8 with the recommendation of the instructors during the Kids Bike League.<br \/>\nChildren at PRO level are already very good on their bikes and are now building on the skills they learned in the Kids Bike League. The course serves as a teaser for what can be experienced in the PRO Bikepark and PRO Trail throughout the week.<\/td>\n<\/tr>\n<tr>\n<td>Costs<\/td>\n<td>CHF 38<\/td>\n<\/tr>\n<\/tbody>\n<\/table>\n<p>[\/vc_column_text][\/vc_column][vc_column width=&#8221;1\/3&#8243; el_class=&#8221;sidebar black&#8221;][vc_empty_space height=&#8221;60px&#8221;][vc_gallery interval=&#8221;3&#8243; images=&#8221;3026,3024&#8243; img_size=&#8221;full&#8221;][vc_column_text]<strong>MTB Recommendation<\/strong><\/p>\n<p>We recommend the <a href=\"https:\/\/intl.bikes.com\/de\/collections\/reaper\" target=\"_blank\" rel=\"noopener\">Rocky Mountain Reaper<\/a>:[\/vc_column_text][vc_single_image image=&#8221;4715&#8243; img_size=&#8221;medium&#8221; onclick=&#8221;custom_link&#8221; img_link_target=&#8221;_blank&#8221; link=&#8221;https:\/\/intl.bikes.com\/collections\/reaper&#8221;][vc_column_text]For rent at <a href=\"https:\/\/www.pesko.ch\/en\/rent\" target=\"_blank\" rel=\"noopener\">Pesko Rothornbahn<\/a>. 20% discount when attending our PRO courses![\/vc_column_text][\/vc_column][\/vc_row]<\/p>\n<\/div>","protected":false},"excerpt":{"rendered":"<p>[vc_row full_width=&#8221;stretch_row_content_no_spaces&#8221;][vc_column][vc_single_image image=&#8221;5390&#8243; img_size=&#8221;full&#8221; alignment=&#8221;center&#8221;][\/vc_column][\/vc_row][vc_row full_width=&#8221;stretch_row&#8221; parallax=&#8221;content-moving&#8221; parallax_image=&#8221;2805&#8243; parallax_speed_bg=&#8221;1&#8243; el_class=&#8221;padding-bottom-medium&#8221;][vc_column width=&#8221;1\/2&#8243;][vc_column_text] Staib\u00f6ck PRO Tryout If you have passed the Staib\u00f6ck and learned a lot, you can attend the Staib\u00f6ck PRO Tryout. This will show you what to expect in the two PRO levels Trail and Bikepark. If you enjoyed this you are ready to join [&hellip;]<\/p>\n","protected":false},"author":5,"featured_media":0,"parent":1599,"menu_order":28,"comment_status":"closed","ping_status":"closed","template":"","meta":{"inline_featured_image":false,"footnotes":""},"class_list":["post-5558","page","type-page","status-publish","hentry"],"yoast_head":"<!-- This site is optimized with the Yoast SEO plugin v27.4 - https:\/\/yoast.com\/product\/yoast-seo-wordpress\/ -->\n<title>Staib\u00f6ck PRO Tryout - Bikeschule Lenzerheide<\/title>\n<meta name=\"robots\" content=\"index, follow, max-snippet:-1, max-image-preview:large, max-video-preview:-1\" \/>\n<link rel=\"canonical\" href=\"https:\/\/www.bikeschulelenzerheide.ch\/en\/kids-youth\/tryout\/\" \/>\n<meta property=\"og:locale\" content=\"en_US\" \/>\n<meta property=\"og:type\" content=\"article\" \/>\n<meta property=\"og:title\" content=\"Staib\u00f6ck PRO Tryout - Bikeschule Lenzerheide\" \/>\n<meta property=\"og:description\" content=\"[vc_row full_width=&#8221;stretch_row_content_no_spaces&#8221;][vc_column][vc_single_image image=&#8221;5390&#8243; img_size=&#8221;full&#8221; alignment=&#8221;center&#8221;][\/vc_column][\/vc_row][vc_row full_width=&#8221;stretch_row&#8221; parallax=&#8221;content-moving&#8221; parallax_image=&#8221;2805&#8243; parallax_speed_bg=&#8221;1&#8243; el_class=&#8221;padding-bottom-medium&#8221;][vc_column width=&#8221;1\/2&#8243;][vc_column_text] Staib\u00f6ck PRO Tryout If you have passed the Staib\u00f6ck and learned a lot, you can attend the Staib\u00f6ck PRO Tryout. This will show you what to expect in the two PRO levels Trail and Bikepark. If you enjoyed this you are ready to join [&hellip;]\" \/>\n<meta property=\"og:url\" content=\"https:\/\/www.bikeschulelenzerheide.ch\/en\/kids-youth\/tryout\/\" \/>\n<meta property=\"og:site_name\" content=\"Bikeschule Lenzerheide\" \/>\n<meta property=\"article:modified_time\" content=\"2024-01-08T12:26:12+00:00\" \/>\n<meta name=\"twitter:card\" content=\"summary_large_image\" \/>\n<meta name=\"twitter:label1\" content=\"Est. reading time\" \/>\n\t<meta name=\"twitter:data1\" content=\"2 minutes\" \/>\n<script type=\"application\/ld+json\" class=\"yoast-schema-graph\">{\"@context\":\"https:\\\/\\\/schema.org\",\"@graph\":[{\"@type\":\"WebPage\",\"@id\":\"https:\\\/\\\/www.bikeschulelenzerheide.ch\\\/en\\\/kids-youth\\\/tryout\\\/\",\"url\":\"https:\\\/\\\/www.bikeschulelenzerheide.ch\\\/en\\\/kids-youth\\\/tryout\\\/\",\"name\":\"Staib\u00f6ck PRO Tryout - Bikeschule Lenzerheide\",\"isPartOf\":{\"@id\":\"https:\\\/\\\/www.bikeschulelenzerheide.ch\\\/#website\"},\"datePublished\":\"2023-11-16T10:22:58+00:00\",\"dateModified\":\"2024-01-08T12:26:12+00:00\",\"breadcrumb\":{\"@id\":\"https:\\\/\\\/www.bikeschulelenzerheide.ch\\\/en\\\/kids-youth\\\/tryout\\\/#breadcrumb\"},\"inLanguage\":\"en-US\",\"potentialAction\":[{\"@type\":\"ReadAction\",\"target\":[\"https:\\\/\\\/www.bikeschulelenzerheide.ch\\\/en\\\/kids-youth\\\/tryout\\\/\"]}]},{\"@type\":\"BreadcrumbList\",\"@id\":\"https:\\\/\\\/www.bikeschulelenzerheide.ch\\\/en\\\/kids-youth\\\/tryout\\\/#breadcrumb\",\"itemListElement\":[{\"@type\":\"ListItem\",\"position\":1,\"name\":\"Startseite\",\"item\":\"https:\\\/\\\/www.bikeschulelenzerheide.ch\\\/en\\\/\"},{\"@type\":\"ListItem\",\"position\":2,\"name\":\"Kids &#038; Youth\",\"item\":\"https:\\\/\\\/www.bikeschulelenzerheide.ch\\\/en\\\/kids-youth\\\/\"},{\"@type\":\"ListItem\",\"position\":3,\"name\":\"Staib\u00f6ck PRO Tryout\"}]},{\"@type\":\"WebSite\",\"@id\":\"https:\\\/\\\/www.bikeschulelenzerheide.ch\\\/#website\",\"url\":\"https:\\\/\\\/www.bikeschulelenzerheide.ch\\\/\",\"name\":\"Bikeschule Lenzerheide\",\"description\":\"\",\"potentialAction\":[{\"@type\":\"SearchAction\",\"target\":{\"@type\":\"EntryPoint\",\"urlTemplate\":\"https:\\\/\\\/www.bikeschulelenzerheide.ch\\\/?s={search_term_string}\"},\"query-input\":{\"@type\":\"PropertyValueSpecification\",\"valueRequired\":true,\"valueName\":\"search_term_string\"}}],\"inLanguage\":\"en-US\"}]}<\/script>\n<!-- \/ Yoast SEO plugin. -->","yoast_head_json":{"title":"Staib\u00f6ck PRO Tryout - Bikeschule Lenzerheide","robots":{"index":"index","follow":"follow","max-snippet":"max-snippet:-1","max-image-preview":"max-image-preview:large","max-video-preview":"max-video-preview:-1"},"canonical":"https:\/\/www.bikeschulelenzerheide.ch\/en\/kids-youth\/tryout\/","og_locale":"en_US","og_type":"article","og_title":"Staib\u00f6ck PRO Tryout - Bikeschule Lenzerheide","og_description":"[vc_row full_width=&#8221;stretch_row_content_no_spaces&#8221;][vc_column][vc_single_image image=&#8221;5390&#8243; img_size=&#8221;full&#8221; alignment=&#8221;center&#8221;][\/vc_column][\/vc_row][vc_row full_width=&#8221;stretch_row&#8221; parallax=&#8221;content-moving&#8221; parallax_image=&#8221;2805&#8243; parallax_speed_bg=&#8221;1&#8243; el_class=&#8221;padding-bottom-medium&#8221;][vc_column width=&#8221;1\/2&#8243;][vc_column_text] Staib\u00f6ck PRO Tryout If you have passed the Staib\u00f6ck and learned a lot, you can attend the Staib\u00f6ck PRO Tryout. This will show you what to expect in the two PRO levels Trail and Bikepark. If you enjoyed this you are ready to join [&hellip;]","og_url":"https:\/\/www.bikeschulelenzerheide.ch\/en\/kids-youth\/tryout\/","og_site_name":"Bikeschule Lenzerheide","article_modified_time":"2024-01-08T12:26:12+00:00","twitter_card":"summary_large_image","twitter_misc":{"Est. reading time":"2 minutes"},"schema":{"@context":"https:\/\/schema.org","@graph":[{"@type":"WebPage","@id":"https:\/\/www.bikeschulelenzerheide.ch\/en\/kids-youth\/tryout\/","url":"https:\/\/www.bikeschulelenzerheide.ch\/en\/kids-youth\/tryout\/","name":"Staib\u00f6ck PRO Tryout - Bikeschule Lenzerheide","isPartOf":{"@id":"https:\/\/www.bikeschulelenzerheide.ch\/#website"},"datePublished":"2023-11-16T10:22:58+00:00","dateModified":"2024-01-08T12:26:12+00:00","breadcrumb":{"@id":"https:\/\/www.bikeschulelenzerheide.ch\/en\/kids-youth\/tryout\/#breadcrumb"},"inLanguage":"en-US","potentialAction":[{"@type":"ReadAction","target":["https:\/\/www.bikeschulelenzerheide.ch\/en\/kids-youth\/tryout\/"]}]},{"@type":"BreadcrumbList","@id":"https:\/\/www.bikeschulelenzerheide.ch\/en\/kids-youth\/tryout\/#breadcrumb","itemListElement":[{"@type":"ListItem","position":1,"name":"Startseite","item":"https:\/\/www.bikeschulelenzerheide.ch\/en\/"},{"@type":"ListItem","position":2,"name":"Kids &#038; Youth","item":"https:\/\/www.bikeschulelenzerheide.ch\/en\/kids-youth\/"},{"@type":"ListItem","position":3,"name":"Staib\u00f6ck PRO Tryout"}]},{"@type":"WebSite","@id":"https:\/\/www.bikeschulelenzerheide.ch\/#website","url":"https:\/\/www.bikeschulelenzerheide.ch\/","name":"Bikeschule Lenzerheide","description":"","potentialAction":[{"@type":"SearchAction","target":{"@type":"EntryPoint","urlTemplate":"https:\/\/www.bikeschulelenzerheide.ch\/?s={search_term_string}"},"query-input":{"@type":"PropertyValueSpecification","valueRequired":true,"valueName":"search_term_string"}}],"inLanguage":"en-US"}]}},"_links":{"self":[{"href":"https:\/\/www.bikeschulelenzerheide.ch\/en\/wp-json\/wp\/v2\/pages\/5558","targetHints":{"allow":["GET"]}}],"collection":[{"href":"https:\/\/www.bikeschulelenzerheide.ch\/en\/wp-json\/wp\/v2\/pages"}],"about":[{"href":"https:\/\/www.bikeschulelenzerheide.ch\/en\/wp-json\/wp\/v2\/types\/page"}],"author":[{"embeddable":true,"href":"https:\/\/www.bikeschulelenzerheide.ch\/en\/wp-json\/wp\/v2\/users\/5"}],"replies":[{"embeddable":true,"href":"https:\/\/www.bikeschulelenzerheide.ch\/en\/wp-json\/wp\/v2\/comments?post=5558"}],"version-history":[{"count":5,"href":"https:\/\/www.bikeschulelenzerheide.ch\/en\/wp-json\/wp\/v2\/pages\/5558\/revisions"}],"predecessor-version":[{"id":5759,"href":"https:\/\/www.bikeschulelenzerheide.ch\/en\/wp-json\/wp\/v2\/pages\/5558\/revisions\/5759"}],"up":[{"embeddable":true,"href":"https:\/\/www.bikeschulelenzerheide.ch\/en\/wp-json\/wp\/v2\/pages\/1599"}],"wp:attachment":[{"href":"https:\/\/www.bikeschulelenzerheide.ch\/en\/wp-json\/wp\/v2\/media?parent=5558"}],"curies":[{"name":"wp","href":"https:\/\/api.w.org\/{rel}","templated":true}]}}